{"id":1784,"date":"2026-01-20T10:42:56","date_gmt":"2026-01-20T09:42:56","guid":{"rendered":"https:\/\/gracegudefin.com\/?page_id=1784"},"modified":"2026-01-21T12:06:09","modified_gmt":"2026-01-21T11:06:09","slug":"mentions-legales","status":"publish","type":"page","link":"https:\/\/gracegudefin.com\/en\/mentions-legales\/","title":{"rendered":"Legal notice"},"content":{"rendered":"<div data-elementor-type=\"wp-page\" data-elementor-id=\"1784\" class=\"elementor elementor-1784\" data-elementor-post-type=\"page\">\n\t\t\t\t<div class=\"elementor-element elementor-element-4976bdc e-flex e-con-boxed e-con e-parent\" data-id=\"4976bdc\" data-element_type=\"container\" data-e-type=\"container\" data-settings=\"{&quot;tc_container_hover_selector&quot;:&quot;container&quot;,&quot;tc_container_background_parallax&quot;:&quot;no&quot;,&quot;tcg_advanced_hover&quot;:&quot;no&quot;,&quot;tc_dark_mode_responsive_hide_in_dark&quot;:&quot;no&quot;,&quot;tc_dark_mode_responsive_hide_in_light&quot;:&quot;no&quot;}\">\n\t\t\t\t\t<div class=\"e-con-inner\">\n\t\t<div class=\"elementor-element elementor-element-58cdebb e-con-full e-flex e-con e-child\" data-id=\"58cdebb\" data-element_type=\"container\" data-e-type=\"container\" data-settings=\"{&quot;tc_container_hover_selector&quot;:&quot;container&quot;,&quot;tc_container_background_parallax&quot;:&quot;no&quot;,&quot;tcg_advanced_hover&quot;:&quot;no&quot;,&quot;tc_dark_mode_responsive_hide_in_dark&quot;:&quot;no&quot;,&quot;tc_dark_mode_responsive_hide_in_light&quot;:&quot;no&quot;}\">\n\t\t\t\t<div class=\"elementor-element elementor-element-7dbbc15 elementor-widget elementor-widget-heading\" data-id=\"7dbbc15\" data-element_type=\"widget\" data-e-type=\"widget\" data-settings=\"{&quot;tc_dark_mode_responsive_hide_in_dark&quot;:&quot;no&quot;,&quot;tc_dark_mode_responsive_hide_in_light&quot;:&quot;no&quot;}\" data-widget_type=\"heading.default\">\n\t\t\t\t\t<h2 class=\"elementor-heading-title elementor-size-default\">LEGAL NOTICE<\/h2>\t\t\t\t<\/div>\n\t\t\t\t<div class=\"elementor-element elementor-element-2834def elementor-widget elementor-widget-text-editor\" data-id=\"2834def\" data-element_type=\"widget\" data-e-type=\"widget\" data-settings=\"{&quot;tc_dark_mode_responsive_hide_in_dark&quot;:&quot;no&quot;,&quot;tc_dark_mode_responsive_hide_in_light&quot;:&quot;no&quot;}\" data-widget_type=\"text-editor.default\">\n\t\t\t\t\t\t\t\t\t<div>In accordance with Articles 6-III and 19 of Law No. 2004-575 of 21 June 2004 on Confidence in the Digital Economy (LCEN), users of the website Grace by Graziella Gudefin are hereby informed of the identity of the various parties involved in its creation and management.<\/div>\n<div>&nbsp;<\/div>\n<div>\u2e3b<\/div>\n<h2>Website Publisher<\/h2>\n<div><strong>Grace by Graziella Gudefin<\/strong><\/div>\n<div>Entreprise individuelle<\/div>\n<div>&nbsp;<\/div>\n<div>Name: <strong>GUDEFIN Graziella, Olga<\/strong><\/div>\n<div>Trade name: <strong>Grace by Graziella Gudefin<\/strong><\/div>\n<div>&nbsp;<\/div>\n<div>Registered with the Nice Trade and Companies Register<\/div>\n<div>RCS Nice : <strong>994 749 240<\/strong><\/div>\n<div>Date of registration: 05\/12\/2025<\/div>\n<div>&nbsp;<\/div>\n<div>Business address:<\/div>\n<div>Le sagittaire<\/div>\n<div>96 Avenue des fleurs<\/div>\n<div>06360 \u00c8ze<\/div>\n<div>France<\/div>\n<div>&nbsp;<\/div>\n<div>Email : grace.gudefin@gmail.com<\/div>\n<div>Phone: +33 6 88 20 31 39<\/div>\n<div>&nbsp;<\/div>\n<div>\u2e3b<\/div>\n<h2>Publication Director<\/h2>\n<div>Graziella Gudefin<\/div>\n<div>&nbsp;<\/div>\n<div>\u2e3b<\/div>\n<h2>Website Design and Development<\/h2>\n<div>Website designed and developed by:<\/div>\n<div><a href=\"https:\/\/agostudio.fr\"><strong>AGO Studio<\/strong><\/a><\/div>\n<div>Digital creative agency<\/div>\n<div>&nbsp;<\/div>\n<div>\u2e3b<\/div>\n<h2>Website Hosting<\/h2>\n<div>The website is hosted by:<\/div>\n<div>&nbsp;<\/div>\n<div>Hostinger International Ltd<\/div>\n<div>61 Lordou Vironos Street<\/div>\n<div>6023 Larnaca<\/div>\n<div>Chypre<\/div>\n<div>&nbsp;<\/div>\n<div>\u2e3b<\/div>\n<h2>Intellectual Property<\/h2>\n<div>The entire website (structure, texts, images, logos, graphics, icons, sounds, software, etc.) is the exclusive property of Grace by Graziella Gudefin, unless otherwise stated.<\/div>\n<div>&nbsp;<\/div>\n<div>Any reproduction, representation, modification, publication, or adaptation, in whole or in part, of any element of the website, by any means whatsoever, is prohibited without the prior written consent of the publisher.<\/div>\n<div>&nbsp;<\/div>\n<div>\u2e3b<\/div>\n<h2>Personal Data<\/h2>\n<div>Any information collected via the website (contact form, email correspondence, etc.) is intended exclusively for Grace by Graziella Gudefin and is under no circumstances transferred or sold to third parties.<\/div>\n<div>&nbsp;<\/div>\n<div>In accordance with the General Data Protection Regulation (GDPR) and applicable data protection laws, you have the right to access, rectify, object to, and delete your personal data.<\/div>\n<div>&nbsp;<\/div>\n<div>Any request may be sent by email to: <strong>grace.gudefin@gmail.com<\/strong><br><strong><\/strong><\/div>\n<div>&nbsp;<\/div>\n<div>\u2e3b<\/div>\n<h2>Liability<\/h2>\n<div>The publisher strives to ensure the accuracy and updating of the information published on the website. However, she cannot be held liable for omissions, inaccuracies, or failures to update.<\/div>\n<div>&nbsp;<\/div>\n<div>Use of the website is at the sole responsibility of the user.<\/div>\n<div>&nbsp;<\/div>\n<div>\u2e3b<\/div>\n<h2>Applicable Law<\/h2>\n<div>These legal notices are governed by French law.<\/div>\n<div>In the event of a dispute, and failing amicable resolution, the French courts shall have exclusive jurisdiction.<\/div>\t\t\t\t\t\t\t\t<\/div>\n\t\t\t\t<\/div>\n\t\t\t\t\t<\/div>\n\t\t\t\t<\/div>\n\t\t\t\t<\/div>","protected":false},"excerpt":{"rendered":"<p>MENTIONS L\u00c9GALES Conform\u00e9ment aux dispositions des articles 6-III et 19 de la loi n\u00b02004-575 du 21 juin 2004 pour la Confiance dans l\u2019\u00c9conomie Num\u00e9rique (LCEN), il est pr\u00e9cis\u00e9 aux utilisateurs du site Grace by Graziella Gudefin l\u2019identit\u00e9 des diff\u00e9rents intervenants dans le cadre de sa r\u00e9alisation et de son suivi. &nbsp; \u2e3b \u00c9diteur du site Grace by Graziella Gudefin Entreprise &hellip;<\/p>","protected":false},"author":1,"featured_media":0,"parent":0,"menu_order":0,"comment_status":"closed","ping_status":"closed","template":"elementor_header_footer","meta":{"footnotes":""},"class_list":["post-1784","page","type-page","status-publish","hentry"],"_links":{"self":[{"href":"https:\/\/gracegudefin.com\/en\/wp-json\/wp\/v2\/pages\/1784","targetHints":{"allow":["GET"]}}],"collection":[{"href":"https:\/\/gracegudefin.com\/en\/wp-json\/wp\/v2\/pages"}],"about":[{"href":"https:\/\/gracegudefin.com\/en\/wp-json\/wp\/v2\/types\/page"}],"author":[{"embeddable":true,"href":"https:\/\/gracegudefin.com\/en\/wp-json\/wp\/v2\/users\/1"}],"replies":[{"embeddable":true,"href":"https:\/\/gracegudefin.com\/en\/wp-json\/wp\/v2\/comments?post=1784"}],"version-history":[{"count":22,"href":"https:\/\/gracegudefin.com\/en\/wp-json\/wp\/v2\/pages\/1784\/revisions"}],"predecessor-version":[{"id":2001,"href":"https:\/\/gracegudefin.com\/en\/wp-json\/wp\/v2\/pages\/1784\/revisions\/2001"}],"wp:attachment":[{"href":"https:\/\/gracegudefin.com\/en\/wp-json\/wp\/v2\/media?parent=1784"}],"curies":[{"name":"wp","href":"https:\/\/api.w.org\/{rel}","templated":true}]}}