{"id":1784,"date":"2026-01-20T10:42:56","date_gmt":"2026-01-20T09:42:56","guid":{"rendered":"https:\/\/gracegudefin.com\/?page_id=1784"},"modified":"2026-01-21T12:06:09","modified_gmt":"2026-01-21T11:06:09","slug":"mentions-legales","status":"publish","type":"page","link":"https:\/\/gracegudefin.com\/it\/mentions-legales\/","title":{"rendered":"Informazioni legali"},"content":{"rendered":"<div data-elementor-type=\"wp-page\" data-elementor-id=\"1784\" class=\"elementor elementor-1784\" data-elementor-post-type=\"page\">\n\t\t\t\t<div class=\"elementor-element elementor-element-4976bdc e-flex e-con-boxed e-con e-parent\" data-id=\"4976bdc\" data-element_type=\"container\" data-e-type=\"container\" data-settings=\"{&quot;tc_container_hover_selector&quot;:&quot;container&quot;,&quot;tc_container_background_parallax&quot;:&quot;no&quot;,&quot;tcg_advanced_hover&quot;:&quot;no&quot;,&quot;tc_dark_mode_responsive_hide_in_dark&quot;:&quot;no&quot;,&quot;tc_dark_mode_responsive_hide_in_light&quot;:&quot;no&quot;}\">\n\t\t\t\t\t<div class=\"e-con-inner\">\n\t\t<div class=\"elementor-element elementor-element-58cdebb e-con-full e-flex e-con e-child\" data-id=\"58cdebb\" data-element_type=\"container\" data-e-type=\"container\" data-settings=\"{&quot;tc_container_hover_selector&quot;:&quot;container&quot;,&quot;tc_container_background_parallax&quot;:&quot;no&quot;,&quot;tcg_advanced_hover&quot;:&quot;no&quot;,&quot;tc_dark_mode_responsive_hide_in_dark&quot;:&quot;no&quot;,&quot;tc_dark_mode_responsive_hide_in_light&quot;:&quot;no&quot;}\">\n\t\t\t\t<div class=\"elementor-element elementor-element-7dbbc15 elementor-widget elementor-widget-heading\" data-id=\"7dbbc15\" data-element_type=\"widget\" data-e-type=\"widget\" data-settings=\"{&quot;tc_dark_mode_responsive_hide_in_dark&quot;:&quot;no&quot;,&quot;tc_dark_mode_responsive_hide_in_light&quot;:&quot;no&quot;}\" data-widget_type=\"heading.default\">\n\t\t\t\t\t<h2 class=\"elementor-heading-title elementor-size-default\">NOTE LEGALI<\/h2>\t\t\t\t<\/div>\n\t\t\t\t<div class=\"elementor-element elementor-element-2834def elementor-widget elementor-widget-text-editor\" data-id=\"2834def\" data-element_type=\"widget\" data-e-type=\"widget\" data-settings=\"{&quot;tc_dark_mode_responsive_hide_in_dark&quot;:&quot;no&quot;,&quot;tc_dark_mode_responsive_hide_in_light&quot;:&quot;no&quot;}\" data-widget_type=\"text-editor.default\">\n\t\t\t\t\t\t\t\t\t<div>Ai sensi degli articoli 6-III e 19 della legge n. 2004-575 del 21 giugno 2004 sulla Fiducia nell\u2019Economia Digitale (LCEN), si informano gli utenti del sito Grace by Graziella Gudefin circa l\u2019identit\u00e0 dei soggetti coinvolti nella realizzazione e nella gestione del sito.<\/div>\n<div>&nbsp;<\/div>\n<div>\u2e3b<\/div>\n<h2>Titolare del sito<\/h2>\n<div><strong>Grace by Graziella Gudefin<\/strong><\/div>\n<div>Impresa individuale<\/div>\n<div>&nbsp;<\/div>\n<div>Nome : <strong>GUDEFIN Graziella, Olga<\/strong><\/div>\n<div>Denominazione commerciale : <strong>Grace by Graziella Gudefin<\/strong><\/div>\n<div>&nbsp;<\/div>\n<div>Iscritta al Registro del Commercio e delle Imprese di Nizza<\/div>\n<div>RCS Nizza : <strong>994 749 240<\/strong><\/div>\n<div>Data di iscrizione : 05\/12\/2025<\/div>\n<div>&nbsp;<\/div>\n<div>Indirizzo della sede :<\/div>\n<div>Le sagittaire<\/div>\n<div>96 Avenue des fleurs<\/div>\n<div>06360 \u00c8ze<\/div>\n<div>Francia<\/div>\n<div>&nbsp;<\/div>\n<div>Email : grace.gudefin@gmail.com<\/div>\n<div>Telefono : +33 6 88 20 31 39<\/div>\n<div>&nbsp;<\/div>\n<div>\u2e3b<\/div>\n<h2>Responsabile della pubblicazione<\/h2>\n<div>Graziella Gudefin<\/div>\n<div>&nbsp;<\/div>\n<div>\u2e3b<\/div>\n<h2>Progettazione e realizzazione del sito<\/h2>\n<div>Sito progettato e sviluppato da:<\/div>\n<div><a href=\"https:\/\/agostudio.fr\"><strong>AGO Studio<\/strong><\/a><\/div>\n<div>Agenzia di creazione digitale<\/div>\n<div>&nbsp;<\/div>\n<div>\u2e3b<\/div>\n<h2>Hosting del sito<\/h2>\n<div>Il sito \u00e8 ospitato da:<\/div>\n<div>&nbsp;<\/div>\n<div>Hostinger International Ltd<\/div>\n<div>61 Lordou Vironos Street<\/div>\n<div>6023 Larnaca<\/div>\n<div>Chypre<\/div>\n<div>&nbsp;<\/div>\n<div>\u2e3b<\/div>\n<h2>Propriet\u00e0 intellettuale<\/h2>\n<div>L\u2019intero sito (struttura, testi, immagini, loghi, elementi grafici, icone, suoni, software, ecc.) \u00e8 di propriet\u00e0 esclusiva di Grace by Graziella Gudefin, salvo diversa indicazione.<\/div>\n<div>&nbsp;<\/div>\n<div>\u00c8 vietata qualsiasi riproduzione, rappresentazione, modifica, pubblicazione o adattamento, totale o parziale, degli elementi del sito, con qualsiasi mezzo, senza previa autorizzazione scritta dell\u2019editrice.<\/div>\n<div>&nbsp;<\/div>\n<div>\u2e3b<\/div>\n<h2>Dati personali<\/h2>\n<div>Le eventuali informazioni raccolte tramite il sito (modulo di contatto, comunicazioni via email, ecc.) sono destinate esclusivamente a Grace by Graziella Gudefin e non vengono in alcun caso cedute o vendute a terzi.<\/div>\n<div>&nbsp;<\/div>\n<div>Ai sensi del Regolamento Generale sulla Protezione dei Dati (GDPR) e della normativa in materia di protezione dei dati personali, avete il diritto di accesso, rettifica, opposizione e cancellazione dei dati che vi riguardano.<\/div>\n<div>&nbsp;<\/div>\n<div>Ogni richiesta pu\u00f2 essere inviata via email a: <strong>grace.gudefin@gmail.com<\/strong><br><strong><\/strong><\/div>\n<div>&nbsp;<\/div>\n<div>\u2e3b<\/div>\n<h2>Responsabilit\u00e0<\/h2>\n<div>L\u2019editrice si impegna a garantire l\u2019accuratezza e l\u2019aggiornamento delle informazioni pubblicate sul sito. Tuttavia, non potr\u00e0 essere ritenuta responsabile per eventuali omissioni, inesattezze o mancati aggiornamenti.<\/div>\n<div>&nbsp;<\/div>\n<div>L\u2019utilizzo del sito avviene sotto la sola responsabilit\u00e0 dell\u2019utente.<\/div>\n<div>&nbsp;<\/div>\n<div>\u2e3b<\/div>\n<h2>Legge applicabile<\/h2>\n<div>Le presenti note legali sono soggette al diritto francese.<\/div>\n<div>In caso di controversia, e in mancanza di risoluzione amichevole, saranno competenti esclusivamente i tribunali francesi.<\/div>\t\t\t\t\t\t\t\t<\/div>\n\t\t\t\t<\/div>\n\t\t\t\t\t<\/div>\n\t\t\t\t<\/div>\n\t\t\t\t<\/div>","protected":false},"excerpt":{"rendered":"<p>MENTIONS L\u00c9GALES Conform\u00e9ment aux dispositions des articles 6-III et 19 de la loi n\u00b02004-575 du 21 juin 2004 pour la Confiance dans l\u2019\u00c9conomie Num\u00e9rique (LCEN), il est pr\u00e9cis\u00e9 aux utilisateurs du site Grace by Graziella Gudefin l\u2019identit\u00e9 des diff\u00e9rents intervenants dans le cadre de sa r\u00e9alisation et de son suivi. &nbsp; \u2e3b \u00c9diteur du site Grace by Graziella Gudefin Entreprise &hellip;<\/p>","protected":false},"author":1,"featured_media":0,"parent":0,"menu_order":0,"comment_status":"closed","ping_status":"closed","template":"elementor_header_footer","meta":{"footnotes":""},"class_list":["post-1784","page","type-page","status-publish","hentry"],"_links":{"self":[{"href":"https:\/\/gracegudefin.com\/it\/wp-json\/wp\/v2\/pages\/1784","targetHints":{"allow":["GET"]}}],"collection":[{"href":"https:\/\/gracegudefin.com\/it\/wp-json\/wp\/v2\/pages"}],"about":[{"href":"https:\/\/gracegudefin.com\/it\/wp-json\/wp\/v2\/types\/page"}],"author":[{"embeddable":true,"href":"https:\/\/gracegudefin.com\/it\/wp-json\/wp\/v2\/users\/1"}],"replies":[{"embeddable":true,"href":"https:\/\/gracegudefin.com\/it\/wp-json\/wp\/v2\/comments?post=1784"}],"version-history":[{"count":22,"href":"https:\/\/gracegudefin.com\/it\/wp-json\/wp\/v2\/pages\/1784\/revisions"}],"predecessor-version":[{"id":2001,"href":"https:\/\/gracegudefin.com\/it\/wp-json\/wp\/v2\/pages\/1784\/revisions\/2001"}],"wp:attachment":[{"href":"https:\/\/gracegudefin.com\/it\/wp-json\/wp\/v2\/media?parent=1784"}],"curies":[{"name":"wp","href":"https:\/\/api.w.org\/{rel}","templated":true}]}}